{"id":8173,"date":"2025-07-28T00:27:07","date_gmt":"2025-07-28T00:27:07","guid":{"rendered":"https:\/\/aliancados.com.br\/noticias\/?page_id=8173"},"modified":"2025-07-28T00:27:07","modified_gmt":"2025-07-28T00:27:07","slug":"quem-somos","status":"publish","type":"page","link":"https:\/\/aliancados.com.br\/noticias\/?page_id=8173","title":{"rendered":"QUEM SOMOS"},"content":{"rendered":"<p>A Revista Alian\u00e7ados \u00e9 um ve\u00edculo de Comunica\u00e7\u00e3o e Marketing que nasceu com o prop\u00f3sito de se tornar uma revista conhecida nacional e internacionalmente dentro do segmento crist\u00e3o.<\/p>\n<p>Tem como base, em suas edi\u00e7\u00f5es, as publica\u00e7\u00f5es institucionais do mundo Gospel, CASOS DE SUCESSO de Pessoas, L\u00edderes, membros, talentos, artistas, profissionais, personalidades p\u00fablicas e eclesi\u00e1sticas, contando hist\u00f3rias, testemunhos, a\u00e7\u00f5es e biografias de pessoas do Brasil e do mundo, al\u00e9m de artigos que possam contribuir com as rela\u00e7\u00f5es familiares e a cidadania. E com a gra\u00e7a de Deus vem obtendo uma excelente aceita\u00e7\u00e3o em todas as camadas sociais.<\/p>\n<p>Nesse sentido, mant\u00e9m uma variedade de colunas e artigos que consolidam nossas publica\u00e7\u00f5es, mantendo nossos leitores conectados com atualidades e que contribuem para o exerc\u00edcio da cidadania, tornando *a revista Alian\u00e7ados e seu portal de not\u00edcias* relevantes meios de comunica\u00e7\u00e3o para o p\u00fablico em geral, no segmento gospel, no com\u00e9rcio e em todas as esferas.<\/p>\n<p>A fim de interagir mais rapidamente e com maior efic\u00e1cia, nosso Postal de not\u00edcias, o site da revista Alian\u00e7ados passou recentemente por mudan\u00e7as, incorporando o dinamismo que a era digital exige.<\/p>\n<p>Para a gl\u00f3ria de Deus, temos alcan\u00e7ado nossas metas h\u00e1 8 anos cont\u00ednuos de atividades e estamos crescendo a cada ano, construindo s\u00f3lidas parcerias e contribuindo para com a divulga\u00e7\u00e3o do Evangelho, com nossos parceiros e clientes dentro do nosso campo de atua\u00e7\u00e3o.<\/p>\n","protected":false},"excerpt":{"rendered":"<p>A Revista Alian\u00e7ados \u00e9 um ve\u00edculo de Comunica\u00e7\u00e3o e Marketing que nasceu com o prop\u00f3sito de se tornar uma revista<\/p>\n","protected":false},"author":1,"featured_media":0,"parent":0,"menu_order":0,"comment_status":"closed","ping_status":"closed","template":"","meta":{"footnotes":""},"class_list":["post-8173","page","type-page","status-publish","hentry"],"yoast_head":"<!-- This site is optimized with the Yoast SEO plugin v26.7 - https:\/\/yoast.com\/wordpress\/plugins\/seo\/ -->\n<title>QUEM SOMOS - Revista Alian\u00e7ados<\/title>\n<meta name=\"robots\" content=\"index, follow, max-snippet:-1, max-image-preview:large, max-video-preview:-1\" \/>\n<link rel=\"canonical\" href=\"https:\/\/aliancados.com.br\/noticias\/?page_id=8173\" \/>\n<meta property=\"og:locale\" content=\"pt_BR\" \/>\n<meta property=\"og:type\" content=\"article\" \/>\n<meta property=\"og:title\" content=\"QUEM SOMOS - Revista Alian\u00e7ados\" \/>\n<meta property=\"og:description\" content=\"A Revista Alian\u00e7ados \u00e9 um ve\u00edculo de Comunica\u00e7\u00e3o e Marketing que nasceu com o prop\u00f3sito de se tornar uma revista\" \/>\n<meta property=\"og:url\" content=\"https:\/\/aliancados.com.br\/noticias\/?page_id=8173\" \/>\n<meta property=\"og:site_name\" content=\"Revista Alian\u00e7ados\" \/>\n<meta name=\"twitter:card\" content=\"summary_large_image\" \/>\n<meta name=\"twitter:label1\" content=\"Est. tempo de leitura\" \/>\n\t<meta name=\"twitter:data1\" content=\"1 minuto\" \/>\n<script type=\"application\/ld+json\" class=\"yoast-schema-graph\">{\"@context\":\"https:\/\/schema.org\",\"@graph\":[{\"@type\":\"WebPage\",\"@id\":\"https:\/\/aliancados.com.br\/noticias\/?page_id=8173\",\"url\":\"https:\/\/aliancados.com.br\/noticias\/?page_id=8173\",\"name\":\"QUEM SOMOS - Revista Alian\u00e7ados\",\"isPartOf\":{\"@id\":\"https:\/\/aliancados.com.br\/noticias\/#website\"},\"datePublished\":\"2025-07-28T00:27:07+00:00\",\"breadcrumb\":{\"@id\":\"https:\/\/aliancados.com.br\/noticias\/?page_id=8173#breadcrumb\"},\"inLanguage\":\"pt-BR\",\"potentialAction\":[{\"@type\":\"ReadAction\",\"target\":[\"https:\/\/aliancados.com.br\/noticias\/?page_id=8173\"]}]},{\"@type\":\"BreadcrumbList\",\"@id\":\"https:\/\/aliancados.com.br\/noticias\/?page_id=8173#breadcrumb\",\"itemListElement\":[{\"@type\":\"ListItem\",\"position\":1,\"name\":\"In\u00edcio\",\"item\":\"https:\/\/aliancados.com.br\/noticias\/\"},{\"@type\":\"ListItem\",\"position\":2,\"name\":\"QUEM SOMOS\"}]},{\"@type\":\"WebSite\",\"@id\":\"https:\/\/aliancados.com.br\/noticias\/#website\",\"url\":\"https:\/\/aliancados.com.br\/noticias\/\",\"name\":\"Revista Alian\u00e7ados\",\"description\":\"\",\"publisher\":{\"@id\":\"https:\/\/aliancados.com.br\/noticias\/#organization\"},\"potentialAction\":[{\"@type\":\"SearchAction\",\"target\":{\"@type\":\"EntryPoint\",\"urlTemplate\":\"https:\/\/aliancados.com.br\/noticias\/?s={search_term_string}\"},\"query-input\":{\"@type\":\"PropertyValueSpecification\",\"valueRequired\":true,\"valueName\":\"search_term_string\"}}],\"inLanguage\":\"pt-BR\"},{\"@type\":\"Organization\",\"@id\":\"https:\/\/aliancados.com.br\/noticias\/#organization\",\"name\":\"Revista Alian\u00e7ados\",\"url\":\"https:\/\/aliancados.com.br\/noticias\/\",\"logo\":{\"@type\":\"ImageObject\",\"inLanguage\":\"pt-BR\",\"@id\":\"https:\/\/aliancados.com.br\/noticias\/#\/schema\/logo\/image\/\",\"url\":\"https:\/\/aliancados.com.br\/noticias\/wp-content\/uploads\/2025\/07\/LogoSite-768x206-1.jpg\",\"contentUrl\":\"https:\/\/aliancados.com.br\/noticias\/wp-content\/uploads\/2025\/07\/LogoSite-768x206-1.jpg\",\"width\":768,\"height\":206,\"caption\":\"Revista Alian\u00e7ados\"},\"image\":{\"@id\":\"https:\/\/aliancados.com.br\/noticias\/#\/schema\/logo\/image\/\"}}]}<\/script>\n<!-- \/ Yoast SEO plugin. -->","yoast_head_json":{"title":"QUEM SOMOS - Revista Alian\u00e7ados","robots":{"index":"index","follow":"follow","max-snippet":"max-snippet:-1","max-image-preview":"max-image-preview:large","max-video-preview":"max-video-preview:-1"},"canonical":"https:\/\/aliancados.com.br\/noticias\/?page_id=8173","og_locale":"pt_BR","og_type":"article","og_title":"QUEM SOMOS - Revista Alian\u00e7ados","og_description":"A Revista Alian\u00e7ados \u00e9 um ve\u00edculo de Comunica\u00e7\u00e3o e Marketing que nasceu com o prop\u00f3sito de se tornar uma revista","og_url":"https:\/\/aliancados.com.br\/noticias\/?page_id=8173","og_site_name":"Revista Alian\u00e7ados","twitter_card":"summary_large_image","twitter_misc":{"Est. tempo de leitura":"1 minuto"},"schema":{"@context":"https:\/\/schema.org","@graph":[{"@type":"WebPage","@id":"https:\/\/aliancados.com.br\/noticias\/?page_id=8173","url":"https:\/\/aliancados.com.br\/noticias\/?page_id=8173","name":"QUEM SOMOS - Revista Alian\u00e7ados","isPartOf":{"@id":"https:\/\/aliancados.com.br\/noticias\/#website"},"datePublished":"2025-07-28T00:27:07+00:00","breadcrumb":{"@id":"https:\/\/aliancados.com.br\/noticias\/?page_id=8173#breadcrumb"},"inLanguage":"pt-BR","potentialAction":[{"@type":"ReadAction","target":["https:\/\/aliancados.com.br\/noticias\/?page_id=8173"]}]},{"@type":"BreadcrumbList","@id":"https:\/\/aliancados.com.br\/noticias\/?page_id=8173#breadcrumb","itemListElement":[{"@type":"ListItem","position":1,"name":"In\u00edcio","item":"https:\/\/aliancados.com.br\/noticias\/"},{"@type":"ListItem","position":2,"name":"QUEM SOMOS"}]},{"@type":"WebSite","@id":"https:\/\/aliancados.com.br\/noticias\/#website","url":"https:\/\/aliancados.com.br\/noticias\/","name":"Revista Alian\u00e7ados","description":"","publisher":{"@id":"https:\/\/aliancados.com.br\/noticias\/#organization"},"potentialAction":[{"@type":"SearchAction","target":{"@type":"EntryPoint","urlTemplate":"https:\/\/aliancados.com.br\/noticias\/?s={search_term_string}"},"query-input":{"@type":"PropertyValueSpecification","valueRequired":true,"valueName":"search_term_string"}}],"inLanguage":"pt-BR"},{"@type":"Organization","@id":"https:\/\/aliancados.com.br\/noticias\/#organization","name":"Revista Alian\u00e7ados","url":"https:\/\/aliancados.com.br\/noticias\/","logo":{"@type":"ImageObject","inLanguage":"pt-BR","@id":"https:\/\/aliancados.com.br\/noticias\/#\/schema\/logo\/image\/","url":"https:\/\/aliancados.com.br\/noticias\/wp-content\/uploads\/2025\/07\/LogoSite-768x206-1.jpg","contentUrl":"https:\/\/aliancados.com.br\/noticias\/wp-content\/uploads\/2025\/07\/LogoSite-768x206-1.jpg","width":768,"height":206,"caption":"Revista Alian\u00e7ados"},"image":{"@id":"https:\/\/aliancados.com.br\/noticias\/#\/schema\/logo\/image\/"}}]}},"_links":{"self":[{"href":"https:\/\/aliancados.com.br\/noticias\/index.php?rest_route=\/wp\/v2\/pages\/8173","targetHints":{"allow":["GET"]}}],"collection":[{"href":"https:\/\/aliancados.com.br\/noticias\/index.php?rest_route=\/wp\/v2\/pages"}],"about":[{"href":"https:\/\/aliancados.com.br\/noticias\/index.php?rest_route=\/wp\/v2\/types\/page"}],"author":[{"embeddable":true,"href":"https:\/\/aliancados.com.br\/noticias\/index.php?rest_route=\/wp\/v2\/users\/1"}],"replies":[{"embeddable":true,"href":"https:\/\/aliancados.com.br\/noticias\/index.php?rest_route=%2Fwp%2Fv2%2Fcomments&post=8173"}],"version-history":[{"count":1,"href":"https:\/\/aliancados.com.br\/noticias\/index.php?rest_route=\/wp\/v2\/pages\/8173\/revisions"}],"predecessor-version":[{"id":8174,"href":"https:\/\/aliancados.com.br\/noticias\/index.php?rest_route=\/wp\/v2\/pages\/8173\/revisions\/8174"}],"wp:attachment":[{"href":"https:\/\/aliancados.com.br\/noticias\/index.php?rest_route=%2Fwp%2Fv2%2Fmedia&parent=8173"}],"curies":[{"name":"wp","href":"https:\/\/api.w.org\/{rel}","templated":true}]}}